{"id":1213,"date":"2019-09-20T20:56:28","date_gmt":"2019-09-20T20:56:28","guid":{"rendered":"https:\/\/localhost\/frumixold\/?page_id=1213"},"modified":"2021-11-11T17:16:34","modified_gmt":"2021-11-11T17:16:34","slug":"namaste","status":"publish","type":"page","link":"https:\/\/frumix.ec\/en\/namaste\/","title":{"rendered":"Namast\u00e9"},"content":{"rendered":"<div data-elementor-type=\"wp-page\" data-elementor-id=\"1213\" class=\"elementor elementor-1213\" data-elementor-settings=\"[]\">\n\t\t\t\t\t\t<div class=\"elementor-inner\">\n\t\t\t\t\t\t\t<div class=\"elementor-section-wrap\">\n\t\t\t\t\t\t\t<section class=\"elementor-section elementor-top-section elementor-element elementor-element-36aacf8 elementor-section-boxed elementor-section-height-default elementor-section-height-default\" data-id=\"36aacf8\" data-element_type=\"section\" data-settings=\"{&quot;background_background&quot;:&quot;classic&quot;}\">\n\t\t\t\t\t\t\t<div class=\"elementor-background-overlay\"><\/div>\n\t\t\t\t\t\t\t<div class=\"elementor-container elementor-column-gap-default\">\n\t\t\t\t\t\t\t<div class=\"elementor-row\">\n\t\t\t\t\t<div class=\"elementor-column elementor-col-100 elementor-top-column elementor-element elementor-element-22e5639\" data-id=\"22e5639\" data-element_type=\"column\">\n\t\t\t<div class=\"elementor-column-wrap elementor-element-populated\">\n\t\t\t\t\t\t\t<div class=\"elementor-widget-wrap\">\n\t\t\t\t\t\t<div class=\"elementor-element elementor-element-eac8d1f elementor-invisible elementor-widget elementor-widget-heading\" data-id=\"eac8d1f\" data-element_type=\"widget\" data-settings=\"{&quot;_animation&quot;:&quot;bounceIn&quot;}\" data-widget_type=\"heading.default\">\n\t\t\t\t<div class=\"elementor-widget-container\">\n\t\t\t<h2 class=\"elementor-heading-title elementor-size-default\">Namast\u00e9<\/h2>\t\t<\/div>\n\t\t\t\t<\/div>\n\t\t\t\t<div class=\"elementor-element elementor-element-c77ade1 elementor-widget-divider--view-line elementor-widget elementor-widget-divider\" data-id=\"c77ade1\" data-element_type=\"widget\" data-widget_type=\"divider.default\">\n\t\t\t\t<div class=\"elementor-widget-container\">\n\t\t\t\t\t<div class=\"elementor-divider\">\n\t\t\t<span class=\"elementor-divider-separator\">\n\t\t\t\t\t\t<\/span>\n\t\t<\/div>\n\t\t\t\t<\/div>\n\t\t\t\t<\/div>\n\t\t\t\t\t\t<\/div>\n\t\t\t\t\t<\/div>\n\t\t<\/div>\n\t\t\t\t\t\t\t\t<\/div>\n\t\t\t\t\t<\/div>\n\t\t<\/section>\n\t\t\t\t<section class=\"elementor-section elementor-top-section elementor-element elementor-element-d289998 elementor-section-boxed elementor-section-height-default elementor-section-height-default\" data-id=\"d289998\" data-element_type=\"section\" data-settings=\"{&quot;background_background&quot;:&quot;classic&quot;}\">\n\t\t\t\t\t\t<div class=\"elementor-container elementor-column-gap-default\">\n\t\t\t\t\t\t\t<div class=\"elementor-row\">\n\t\t\t\t\t<div class=\"elementor-column elementor-col-33 elementor-top-column elementor-element elementor-element-adbdd71\" data-id=\"adbdd71\" data-element_type=\"column\">\n\t\t\t<div class=\"elementor-column-wrap\">\n\t\t\t\t\t\t\t<div class=\"elementor-widget-wrap\">\n\t\t\t\t\t\t\t\t<\/div>\n\t\t\t\t\t<\/div>\n\t\t<\/div>\n\t\t\t\t<div class=\"elementor-column elementor-col-33 elementor-top-column elementor-element elementor-element-8841139\" data-id=\"8841139\" data-element_type=\"column\">\n\t\t\t<div class=\"elementor-column-wrap elementor-element-populated\">\n\t\t\t\t\t\t\t<div class=\"elementor-widget-wrap\">\n\t\t\t\t\t\t<div class=\"elementor-element elementor-element-253a828 elementor-flip-box--effect-flip elementor-flip-box--direction-up elementor-widget elementor-widget-flip-box\" data-id=\"253a828\" data-element_type=\"widget\" data-widget_type=\"flip-box.default\">\n\t\t\t\t<div class=\"elementor-widget-container\">\n\t\t\t\t\t<div class=\"elementor-flip-box\">\n\t\t\t<div class=\"elementor-flip-box__layer elementor-flip-box__front\">\n\t\t\t\t<div class=\"elementor-flip-box__layer__overlay\">\n\t\t\t\t\t<div class=\"elementor-flip-box__layer__inner\">\n\t\t\t\t\t\t\t\t\t\t\t\t\t<div class=\"elementor-flip-box__image\">\n\t\t\t\t\t\t\t\t<img decoding=\"async\" src=\"https:\/\/frumix.ec\/wp-content\/uploads\/2018\/09\/LOGO-PAG111-02.png\" title=\"LOGO PAG111-02\" alt=\"LOGO PAG111-02\" \/>\t\t\t\t\t\t\t<\/div>\n\t\t\t\t\t\t\n\t\t\t\t\t\t\n\t\t\t\t\t\t\t\t\t\t\t<\/div>\n\t\t\t\t<\/div>\n\t\t\t<\/div>\n\t\t\t<div class=\"elementor-flip-box__layer elementor-flip-box__back\">\n\t\t\t<div class=\"elementor-flip-box__layer__overlay\">\n\t\t\t\t<div class=\"elementor-flip-box__layer__inner\">\n\t\t\t\t\t\t\t\t\t\t\t<h3 class=\"elementor-flip-box__layer__title\">\n\t\t\t\t\t\t\tBENEFITS\t\t\t\t\t\t<\/h3>\n\t\t\t\t\t\n\t\t\t\t\t\t\t\t\t\t\t<div class=\"elementor-flip-box__layer__description\">\n\t\t\t\t\t\t\tKnown for helping to alleviate certain gynecological discomforts.\t\t\t\t\t\t<\/div>\n\t\t\t\t\t\n\t\t\t\t\t\t\t\t<\/div>\n\t\t<\/div>\n\t\t<\/div>\n\t\t<\/div>\n\t\t\t\t<\/div>\n\t\t\t\t<\/div>\n\t\t\t\t\t\t<\/div>\n\t\t\t\t\t<\/div>\n\t\t<\/div>\n\t\t\t\t<div class=\"elementor-column elementor-col-33 elementor-top-column elementor-element elementor-element-eeefec9\" data-id=\"eeefec9\" data-element_type=\"column\">\n\t\t\t<div class=\"elementor-column-wrap\">\n\t\t\t\t\t\t\t<div class=\"elementor-widget-wrap\">\n\t\t\t\t\t\t\t\t<\/div>\n\t\t\t\t\t<\/div>\n\t\t<\/div>\n\t\t\t\t\t\t\t\t<\/div>\n\t\t\t\t\t<\/div>\n\t\t<\/section>\n\t\t\t\t<section class=\"elementor-section elementor-top-section elementor-element elementor-element-14cfdc5f elementor-section-boxed elementor-section-height-default elementor-section-height-default\" data-id=\"14cfdc5f\" data-element_type=\"section\">\n\t\t\t\t\t\t<div class=\"elementor-container elementor-column-gap-default\">\n\t\t\t\t\t\t\t<div class=\"elementor-row\">\n\t\t\t\t\t<div class=\"elementor-column elementor-col-50 elementor-top-column elementor-element elementor-element-908551f\" data-id=\"908551f\" data-element_type=\"column\" data-settings=\"{&quot;background_background&quot;:&quot;classic&quot;}\">\n\t\t\t<div class=\"elementor-column-wrap elementor-element-populated\">\n\t\t\t\t\t\t\t<div class=\"elementor-widget-wrap\">\n\t\t\t\t\t\t<div class=\"elementor-element elementor-element-19df72cd elementor-widget elementor-widget-image\" data-id=\"19df72cd\" data-element_type=\"widget\" data-widget_type=\"image.default\">\n\t\t\t\t<div class=\"elementor-widget-container\">\n\t\t\t\t\t\t\t\t<div class=\"elementor-image\">\n\t\t\t\t\t\t\t\t\t\t\t\t<img decoding=\"async\" src=\"https:\/\/frumix.ec\/wp-content\/uploads\/2019\/11\/frutos-deshidratados-quito-namaste-007.jpg\" title=\"frutos-deshidratados-quito-namaste-007\" alt=\"frutos-deshidratados-quito-namaste-007\" class=\"elementor-animation-grow\" \/>\t\t\t\t\t\t\t\t\t\t\t\t\t\t<\/div>\n\t\t\t\t\t\t<\/div>\n\t\t\t\t<\/div>\n\t\t\t\t\t\t<\/div>\n\t\t\t\t\t<\/div>\n\t\t<\/div>\n\t\t\t\t<div class=\"elementor-column elementor-col-50 elementor-top-column elementor-element elementor-element-813e647\" data-id=\"813e647\" data-element_type=\"column\" data-settings=\"{&quot;background_background&quot;:&quot;classic&quot;}\">\n\t\t\t<div class=\"elementor-column-wrap elementor-element-populated\">\n\t\t\t\t\t\t\t<div class=\"elementor-widget-wrap\">\n\t\t\t\t\t\t<div class=\"elementor-element elementor-element-ef5973a elementor-widget elementor-widget-text-editor\" data-id=\"ef5973a\" data-element_type=\"widget\" data-widget_type=\"text-editor.default\">\n\t\t\t\t<div class=\"elementor-widget-container\">\n\t\t\t\t\t\t\t\t<div class=\"elementor-text-editor elementor-clearfix\">\n\t\t\t\tNamast\u00e9\t\t\t\t\t<\/div>\n\t\t\t\t\t\t<\/div>\n\t\t\t\t<\/div>\n\t\t\t\t<div class=\"elementor-element elementor-element-28080ae elementor-widget elementor-widget-text-editor\" data-id=\"28080ae\" data-element_type=\"widget\" data-widget_type=\"text-editor.default\">\n\t\t\t\t<div class=\"elementor-widget-container\">\n\t\t\t\t\t\t\t\t<div class=\"elementor-text-editor elementor-clearfix\">\n\t\t\t\t<p>Infusions of fig leaves<\/p>\t\t\t\t\t<\/div>\n\t\t\t\t\t\t<\/div>\n\t\t\t\t<\/div>\n\t\t\t\t<div class=\"elementor-element elementor-element-35f53df elementor-widget elementor-widget-price-list\" data-id=\"35f53df\" data-element_type=\"widget\" data-widget_type=\"price-list.default\">\n\t\t\t\t<div class=\"elementor-widget-container\">\n\t\t\t\n\t\t<ul class=\"elementor-price-list\">\n\n\t\t\t\t\t\t\t\t\t<li><a class=\"elementor-price-list-item\" href=\"#\">\t\t\t\t\n\t\t\t\t<div class=\"elementor-price-list-text\">\n\t\t\t\t\t\t\t\t\t<div class=\"elementor-price-list-header\">\n\t\t\t\t\t\t\t\t\t\t\t<span class=\"elementor-price-list-title\">Pack 15 units, 30g bags<\/span>\n\t\t\t\t\t\t\t\t\t\t\t\t\t\t\t\t\t\t\t\t\t<\/div>\n\t\t\t\t\t\t\t\t\t\t\t\t<\/div>\n\t\t\t\t<\/a><\/li>\t\t\t\t\t\n\t\t<\/ul>\n\n\t\t\t\t<\/div>\n\t\t\t\t<\/div>\n\t\t\t\t\t\t<\/div>\n\t\t\t\t\t<\/div>\n\t\t<\/div>\n\t\t\t\t\t\t\t\t<\/div>\n\t\t\t\t\t<\/div>\n\t\t<\/section>\n\t\t\t\t<footer class=\"elementor-section elementor-top-section elementor-element elementor-element-b64c558 elementor-section-full_width elementor-section-content-middle elementor-section-height-default elementor-section-height-default\" data-id=\"b64c558\" data-element_type=\"section\">\n\t\t\t\t\t\t<div class=\"elementor-container elementor-column-gap-no\">\n\t\t\t\t\t\t\t<div class=\"elementor-row\">\n\t\t\t\t\t<div class=\"elementor-column elementor-col-100 elementor-top-column elementor-element elementor-element-051d055\" data-id=\"051d055\" data-element_type=\"column\">\n\t\t\t<div class=\"elementor-column-wrap elementor-element-populated\">\n\t\t\t\t\t\t\t<div class=\"elementor-widget-wrap\">\n\t\t\t\t\t\t<div class=\"elementor-element elementor-element-dab71ed elementor-widget elementor-widget-shortcode\" data-id=\"dab71ed\" data-element_type=\"widget\" data-widget_type=\"shortcode.default\">\n\t\t\t\t<div class=\"elementor-widget-container\">\n\t\t\t\t\t<div class=\"elementor-shortcode\">\t\t<div data-elementor-type=\"footer\" data-elementor-id=\"724\" class=\"elementor elementor-724\" data-elementor-settings=\"[]\">\n\t\t<div class=\"elementor-section-wrap\">\n\t\t\t\t\t<section class=\"elementor-section elementor-top-section elementor-element elementor-element-1db11c43 elementor-section-boxed elementor-section-height-default elementor-section-height-default\" data-id=\"1db11c43\" data-element_type=\"section\" data-settings=\"{&quot;background_background&quot;:&quot;classic&quot;}\">\n\t\t\t\t\t\t\t<div class=\"elementor-background-overlay\"><\/div>\n\t\t\t\t\t\t\t<div class=\"elementor-container elementor-column-gap-default\">\n\t\t\t\t\t\t\t<div class=\"elementor-row\">\n\t\t\t\t\t<div class=\"elementor-column elementor-col-100 elementor-top-column elementor-element elementor-element-4a397e21\" data-id=\"4a397e21\" data-element_type=\"column\">\n\t\t\t<div class=\"elementor-column-wrap elementor-element-populated\">\n\t\t\t\t\t\t\t<div class=\"elementor-widget-wrap\">\n\t\t\t\t\t\t<div class=\"elementor-element elementor-element-c760864 elementor-widget elementor-widget-image\" data-id=\"c760864\" data-element_type=\"widget\" data-widget_type=\"image.default\">\n\t\t\t\t<div class=\"elementor-widget-container\">\n\t\t\t\t\t\t\t\t<div class=\"elementor-image\">\n\t\t\t\t\t\t\t\t\t\t\t\t\t<a href=\"https:\/\/frumix.ec\/en\">\n\t\t\t\t\t\t\t<img decoding=\"async\" width=\"768\" height=\"332\" src=\"https:\/\/frumix.ec\/wp-content\/uploads\/2021\/11\/frutas-deshidratadas-frumix-003-2-768x332.png\" class=\"elementor-animation-grow attachment-medium_large size-medium_large\" alt=\"logo Frumix\" loading=\"lazy\" srcset=\"https:\/\/frumix.ec\/wp-content\/uploads\/2021\/11\/frutas-deshidratadas-frumix-003-2-768x332.png 768w, https:\/\/frumix.ec\/wp-content\/uploads\/2021\/11\/frutas-deshidratadas-frumix-003-2-300x130.png 300w, https:\/\/frumix.ec\/wp-content\/uploads\/2021\/11\/frutas-deshidratadas-frumix-003-2-18x8.png 18w, https:\/\/frumix.ec\/wp-content\/uploads\/2021\/11\/frutas-deshidratadas-frumix-003-2.png 964w\" sizes=\"(max-width: 768px) 100vw, 768px\" \/>\t\t\t\t\t\t\t\t<\/a>\n\t\t\t\t\t\t\t\t\t\t\t\t\t\t<\/div>\n\t\t\t\t\t\t<\/div>\n\t\t\t\t<\/div>\n\t\t\t\t<div class=\"elementor-element elementor-element-7bb30bb elementor-widget elementor-widget-text-editor\" data-id=\"7bb30bb\" data-element_type=\"widget\" data-widget_type=\"text-editor.default\">\n\t\t\t\t<div class=\"elementor-widget-container\">\n\t\t\t\t\t\t\t\t<div class=\"elementor-text-editor elementor-clearfix\">\n\t\t\t\t<p><span style=\"font-weight: 400;\">Quality natural products, handcrafted under strict sanitary standards, preserving their nutritional values, to complement a healthy diet.<\/span><\/p>\t\t\t\t\t<\/div>\n\t\t\t\t\t\t<\/div>\n\t\t\t\t<\/div>\n\t\t\t\t<div class=\"elementor-element elementor-element-7d249ebb elementor-icon-list--layout-inline elementor-align-center elementor-list-item-link-full_width elementor-widget elementor-widget-icon-list\" data-id=\"7d249ebb\" data-element_type=\"widget\" data-widget_type=\"icon-list.default\">\n\t\t\t\t<div class=\"elementor-widget-container\">\n\t\t\t\t\t<ul class=\"elementor-icon-list-items elementor-inline-items\">\n\t\t\t\t\t\t\t<li class=\"elementor-icon-list-item elementor-inline-item\">\n\t\t\t\t\t\t\t\t\t\t\t<span class=\"elementor-icon-list-icon\">\n\t\t\t\t\t\t\t<i aria-hidden=\"true\" class=\"fas fa-map-marker-alt\"><\/i>\t\t\t\t\t\t<\/span>\n\t\t\t\t\t\t\t\t\t\t<span class=\"elementor-icon-list-text\">Sangolqui, Pichincha<\/span>\n\t\t\t\t\t\t\t\t\t<\/li>\n\t\t\t\t\t\t\t\t<li class=\"elementor-icon-list-item elementor-inline-item\">\n\t\t\t\t\t\t\t\t\t\t\t<span class=\"elementor-icon-list-icon\">\n\t\t\t\t\t\t\t<i aria-hidden=\"true\" class=\"fas fa-map-pin\"><\/i>\t\t\t\t\t\t<\/span>\n\t\t\t\t\t\t\t\t\t\t<span class=\"elementor-icon-list-text\">Ecuador 171103<\/span>\n\t\t\t\t\t\t\t\t\t<\/li>\n\t\t\t\t\t\t\t\t<li class=\"elementor-icon-list-item elementor-inline-item\">\n\t\t\t\t\t\t\t\t\t\t\t<span class=\"elementor-icon-list-icon\">\n\t\t\t\t\t\t\t<i aria-hidden=\"true\" class=\"fas fa-phone-alt\"><\/i>\t\t\t\t\t\t<\/span>\n\t\t\t\t\t\t\t\t\t\t<span class=\"elementor-icon-list-text\">+593 99 515 1651<\/span>\n\t\t\t\t\t\t\t\t\t<\/li>\n\t\t\t\t\t\t\t\t<li class=\"elementor-icon-list-item elementor-inline-item\">\n\t\t\t\t\t\t\t\t\t\t\t<span class=\"elementor-icon-list-icon\">\n\t\t\t\t\t\t\t<i aria-hidden=\"true\" class=\"fas fa-envelope\"><\/i>\t\t\t\t\t\t<\/span>\n\t\t\t\t\t\t\t\t\t\t<span class=\"elementor-icon-list-text\">info@frumix.ec<\/span>\n\t\t\t\t\t\t\t\t\t<\/li>\n\t\t\t\t\t\t\t\t<li class=\"elementor-icon-list-item elementor-inline-item\">\n\t\t\t\t\t\t\t\t\t\t\t<span class=\"elementor-icon-list-icon\">\n\t\t\t\t\t\t\t<i aria-hidden=\"true\" class=\"fas fa-clock\"><\/i>\t\t\t\t\t\t<\/span>\n\t\t\t\t\t\t\t\t\t\t<span class=\"elementor-icon-list-text\">M - F 9am - 5pm<\/span>\n\t\t\t\t\t\t\t\t\t<\/li>\n\t\t\t\t\t\t\t\t<li class=\"elementor-icon-list-item elementor-inline-item\">\n\t\t\t\t\t\t\t\t\t\t\t<a href=\"https:\/\/www.facebook.com\/frumixec\/\" target=\"_blank\">\n\n\t\t\t\t\t\t\t\t\t\t\t\t<span class=\"elementor-icon-list-icon\">\n\t\t\t\t\t\t\t<i aria-hidden=\"true\" class=\"fab fa-facebook\"><\/i>\t\t\t\t\t\t<\/span>\n\t\t\t\t\t\t\t\t\t\t<span class=\"elementor-icon-list-text\">frumixec<\/span>\n\t\t\t\t\t\t\t\t\t\t\t<\/a>\n\t\t\t\t\t\t\t\t\t<\/li>\n\t\t\t\t\t\t\t\t<li class=\"elementor-icon-list-item elementor-inline-item\">\n\t\t\t\t\t\t\t\t\t\t\t<a href=\"https:\/\/www.instagram.com\/frumixec\/\" target=\"_blank\">\n\n\t\t\t\t\t\t\t\t\t\t\t\t<span class=\"elementor-icon-list-icon\">\n\t\t\t\t\t\t\t<i aria-hidden=\"true\" class=\"fab fa-instagram\"><\/i>\t\t\t\t\t\t<\/span>\n\t\t\t\t\t\t\t\t\t\t<span class=\"elementor-icon-list-text\">frumixec<\/span>\n\t\t\t\t\t\t\t\t\t\t\t<\/a>\n\t\t\t\t\t\t\t\t\t<\/li>\n\t\t\t\t\t\t<\/ul>\n\t\t\t\t<\/div>\n\t\t\t\t<\/div>\n\t\t\t\t\t\t<\/div>\n\t\t\t\t\t<\/div>\n\t\t<\/div>\n\t\t\t\t\t\t\t\t<\/div>\n\t\t\t\t\t<\/div>\n\t\t<\/section>\n\t\t\t\t<section class=\"elementor-section elementor-top-section elementor-element elementor-element-762b437 elementor-section-boxed elementor-section-height-default elementor-section-height-default\" data-id=\"762b437\" data-element_type=\"section\" data-settings=\"{&quot;background_background&quot;:&quot;classic&quot;}\">\n\t\t\t\t\t\t<div class=\"elementor-container elementor-column-gap-default\">\n\t\t\t\t\t\t\t<div class=\"elementor-row\">\n\t\t\t\t\t<div class=\"elementor-column elementor-col-100 elementor-top-column elementor-element elementor-element-2bf995b\" data-id=\"2bf995b\" data-element_type=\"column\">\n\t\t\t<div class=\"elementor-column-wrap elementor-element-populated\">\n\t\t\t\t\t\t\t<div class=\"elementor-widget-wrap\">\n\t\t\t\t\t\t<div class=\"elementor-element elementor-element-294b566 elementor-widget elementor-widget-copyright\" data-id=\"294b566\" data-element_type=\"widget\" data-settings=\"{&quot;align&quot;:&quot;center&quot;}\" data-widget_type=\"copyright.default\">\n\t\t\t\t<div class=\"elementor-widget-container\">\n\t\t\t\t\t<div class=\"hfe-copyright-wrapper\">\n\t\t\t\t\t\t\t<span>Copyright \u00a9 2026 Frumix.ec - Todos los derechos reservados. <\/span>\n\t\t\t\t\t<\/div>\n\t\t\t\t<\/div>\n\t\t\t\t<\/div>\n\t\t\t\t\t\t<\/div>\n\t\t\t\t\t<\/div>\n\t\t<\/div>\n\t\t\t\t\t\t\t\t<\/div>\n\t\t\t\t\t<\/div>\n\t\t<\/section>\n\t\t\t\t<\/div>\n\t\t<\/div>\n\t\t<\/div>\n\t\t\t\t<\/div>\n\t\t\t\t<\/div>\n\t\t\t\t\t\t<\/div>\n\t\t\t\t\t<\/div>\n\t\t<\/div>\n\t\t\t\t\t\t\t\t<\/div>\n\t\t\t\t\t<\/div>\n\t\t<\/footer>\n\t\t\t\t\t\t<\/div>\n\t\t\t\t\t\t<\/div>\n\t\t\t\t\t<\/div>","protected":false},"excerpt":{"rendered":"<p>Namast\u00e9 BENEFICIOS Conocido porque ayudan a aliviar ciertas molestias ginecol\u00f3gicas. Namast\u00e9 Infusiones de hojas de higo Empaque 15 unidades, bolsas de 30g<\/p>","protected":false},"author":5,"featured_media":0,"parent":0,"menu_order":0,"comment_status":"closed","ping_status":"closed","template":"","meta":[],"yoast_head":"<!-- This site is optimized with the Yoast SEO plugin v17.8 - https:\/\/yoast.com\/wordpress\/plugins\/seo\/ -->\n<title>Frumix - Namast\u00e9<\/title>\n<meta name=\"description\" content=\"NAMAST\u00c9 Infusiones de hojas de higo, tambi\u00e9n conocido porque ayudan a aliviar ciertas molestias ginecol\u00f3gicas.\" \/>\n<meta name=\"robots\" content=\"index, follow, max-snippet:-1, max-image-preview:large, max-video-preview:-1\" \/>\n<link rel=\"canonical\" href=\"https:\/\/frumix.ec\/en\/namaste\/\" \/>\n<meta property=\"og:locale\" content=\"en_US\" \/>\n<meta property=\"og:type\" content=\"article\" \/>\n<meta property=\"og:title\" content=\"Frumix - Namast\u00e9\" \/>\n<meta property=\"og:description\" content=\"NAMAST\u00c9 Infusiones de hojas de higo, tambi\u00e9n conocido porque ayudan a aliviar ciertas molestias ginecol\u00f3gicas.\" \/>\n<meta property=\"og:url\" content=\"https:\/\/frumix.ec\/en\/namaste\/\" \/>\n<meta property=\"og:site_name\" content=\"Frumix\" \/>\n<meta property=\"article:modified_time\" content=\"2021-11-11T17:16:34+00:00\" \/>\n<meta property=\"og:image\" content=\"https:\/\/frumix.ec\/wp-content\/uploads\/elementor\/thumbs\/LOGO-PAG111-02-nwr9nihw6qu1g06gobstne4aya7zl0beag1wlcu3a8.png\" \/>\n<meta name=\"twitter:card\" content=\"summary_large_image\" \/>\n<meta name=\"twitter:label1\" content=\"Est. reading time\" \/>\n\t<meta name=\"twitter:data1\" content=\"2 minutes\" \/>\n<script type=\"application\/ld+json\" class=\"yoast-schema-graph\">{\"@context\":\"https:\/\/schema.org\",\"@graph\":[{\"@type\":\"Organization\",\"@id\":\"https:\/\/frumix.ec\/#organization\",\"name\":\"Frumix\",\"url\":\"https:\/\/frumix.ec\/\",\"sameAs\":[],\"logo\":{\"@type\":\"ImageObject\",\"@id\":\"https:\/\/frumix.ec\/#logo\",\"inLanguage\":\"en-US\",\"url\":\"https:\/\/i2.wp.com\/frumix.ec\/wp-content\/uploads\/2021\/11\/frutas-deshidratadas-frumix-003-1-e1636477092812.png?fit=164%2C71&ssl=1\",\"contentUrl\":\"https:\/\/i2.wp.com\/frumix.ec\/wp-content\/uploads\/2021\/11\/frutas-deshidratadas-frumix-003-1-e1636477092812.png?fit=164%2C71&ssl=1\",\"width\":164,\"height\":71,\"caption\":\"Frumix\"},\"image\":{\"@id\":\"https:\/\/frumix.ec\/#logo\"}},{\"@type\":\"WebSite\",\"@id\":\"https:\/\/frumix.ec\/#website\",\"url\":\"https:\/\/frumix.ec\/\",\"name\":\"Frumix\",\"description\":\"Deshidratados y Maquilado\",\"publisher\":{\"@id\":\"https:\/\/frumix.ec\/#organization\"},\"potentialAction\":[{\"@type\":\"SearchAction\",\"target\":{\"@type\":\"EntryPoint\",\"urlTemplate\":\"https:\/\/frumix.ec\/?s={search_term_string}\"},\"query-input\":\"required name=search_term_string\"}],\"inLanguage\":\"en-US\"},{\"@type\":\"ImageObject\",\"@id\":\"https:\/\/frumix.ec\/en\/namaste\/#primaryimage\",\"inLanguage\":\"en-US\",\"url\":\"https:\/\/frumix.ec\/wp-content\/uploads\/elementor\/thumbs\/LOGO-PAG111-02-nwr9nihw6qu1g06gobstne4aya7zl0beag1wlcu3a8.png\",\"contentUrl\":\"https:\/\/frumix.ec\/wp-content\/uploads\/elementor\/thumbs\/LOGO-PAG111-02-nwr9nihw6qu1g06gobstne4aya7zl0beag1wlcu3a8.png\"},{\"@type\":\"WebPage\",\"@id\":\"https:\/\/frumix.ec\/en\/namaste\/#webpage\",\"url\":\"https:\/\/frumix.ec\/en\/namaste\/\",\"name\":\"Frumix - Namast\\u00e9\",\"isPartOf\":{\"@id\":\"https:\/\/frumix.ec\/#website\"},\"primaryImageOfPage\":{\"@id\":\"https:\/\/frumix.ec\/en\/namaste\/#primaryimage\"},\"datePublished\":\"2019-09-20T20:56:28+00:00\",\"dateModified\":\"2021-11-11T17:16:34+00:00\",\"description\":\"NAMAST\\u00c9 Infusiones de hojas de higo, tambi\\u00e9n conocido porque ayudan a aliviar ciertas molestias ginecol\\u00f3gicas.\",\"breadcrumb\":{\"@id\":\"https:\/\/frumix.ec\/en\/namaste\/#breadcrumb\"},\"inLanguage\":\"en-US\",\"potentialAction\":[{\"@type\":\"ReadAction\",\"target\":[\"https:\/\/frumix.ec\/en\/namaste\/\"]}]},{\"@type\":\"BreadcrumbList\",\"@id\":\"https:\/\/frumix.ec\/en\/namaste\/#breadcrumb\",\"itemListElement\":[{\"@type\":\"ListItem\",\"position\":1,\"name\":\"Inicio\",\"item\":\"https:\/\/frumix.ec\/\"},{\"@type\":\"ListItem\",\"position\":2,\"name\":\"Namast\\u00e9\"}]}]}<\/script>\n<!-- \/ Yoast SEO plugin. -->","yoast_head_json":{"title":"Frumix - Namast\u00e9","description":"NAMAST\u00c9 Infusiones de hojas de higo, tambi\u00e9n conocido porque ayudan a aliviar ciertas molestias ginecol\u00f3gicas.","robots":{"index":"index","follow":"follow","max-snippet":"max-snippet:-1","max-image-preview":"max-image-preview:large","max-video-preview":"max-video-preview:-1"},"canonical":"https:\/\/frumix.ec\/en\/namaste\/","og_locale":"en_US","og_type":"article","og_title":"Frumix - Namast\u00e9","og_description":"NAMAST\u00c9 Infusiones de hojas de higo, tambi\u00e9n conocido porque ayudan a aliviar ciertas molestias ginecol\u00f3gicas.","og_url":"https:\/\/frumix.ec\/en\/namaste\/","og_site_name":"Frumix","article_modified_time":"2021-11-11T17:16:34+00:00","og_image":[{"url":"https:\/\/frumix.ec\/wp-content\/uploads\/elementor\/thumbs\/LOGO-PAG111-02-nwr9nihw6qu1g06gobstne4aya7zl0beag1wlcu3a8.png"}],"twitter_card":"summary_large_image","twitter_misc":{"Est. reading time":"2 minutes"},"schema":{"@context":"https:\/\/schema.org","@graph":[{"@type":"Organization","@id":"https:\/\/frumix.ec\/#organization","name":"Frumix","url":"https:\/\/frumix.ec\/","sameAs":[],"logo":{"@type":"ImageObject","@id":"https:\/\/frumix.ec\/#logo","inLanguage":"en-US","url":"https:\/\/i2.wp.com\/frumix.ec\/wp-content\/uploads\/2021\/11\/frutas-deshidratadas-frumix-003-1-e1636477092812.png?fit=164%2C71&ssl=1","contentUrl":"https:\/\/i2.wp.com\/frumix.ec\/wp-content\/uploads\/2021\/11\/frutas-deshidratadas-frumix-003-1-e1636477092812.png?fit=164%2C71&ssl=1","width":164,"height":71,"caption":"Frumix"},"image":{"@id":"https:\/\/frumix.ec\/#logo"}},{"@type":"WebSite","@id":"https:\/\/frumix.ec\/#website","url":"https:\/\/frumix.ec\/","name":"Frumix","description":"Deshidratados y Maquilado","publisher":{"@id":"https:\/\/frumix.ec\/#organization"},"potentialAction":[{"@type":"SearchAction","target":{"@type":"EntryPoint","urlTemplate":"https:\/\/frumix.ec\/?s={search_term_string}"},"query-input":"required name=search_term_string"}],"inLanguage":"en-US"},{"@type":"ImageObject","@id":"https:\/\/frumix.ec\/en\/namaste\/#primaryimage","inLanguage":"en-US","url":"https:\/\/frumix.ec\/wp-content\/uploads\/elementor\/thumbs\/LOGO-PAG111-02-nwr9nihw6qu1g06gobstne4aya7zl0beag1wlcu3a8.png","contentUrl":"https:\/\/frumix.ec\/wp-content\/uploads\/elementor\/thumbs\/LOGO-PAG111-02-nwr9nihw6qu1g06gobstne4aya7zl0beag1wlcu3a8.png"},{"@type":"WebPage","@id":"https:\/\/frumix.ec\/en\/namaste\/#webpage","url":"https:\/\/frumix.ec\/en\/namaste\/","name":"Frumix - Namast\u00e9","isPartOf":{"@id":"https:\/\/frumix.ec\/#website"},"primaryImageOfPage":{"@id":"https:\/\/frumix.ec\/en\/namaste\/#primaryimage"},"datePublished":"2019-09-20T20:56:28+00:00","dateModified":"2021-11-11T17:16:34+00:00","description":"NAMAST\u00c9 Infusiones de hojas de higo, tambi\u00e9n conocido porque ayudan a aliviar ciertas molestias ginecol\u00f3gicas.","breadcrumb":{"@id":"https:\/\/frumix.ec\/en\/namaste\/#breadcrumb"},"inLanguage":"en-US","potentialAction":[{"@type":"ReadAction","target":["https:\/\/frumix.ec\/en\/namaste\/"]}]},{"@type":"BreadcrumbList","@id":"https:\/\/frumix.ec\/en\/namaste\/#breadcrumb","itemListElement":[{"@type":"ListItem","position":1,"name":"Inicio","item":"https:\/\/frumix.ec\/"},{"@type":"ListItem","position":2,"name":"Namast\u00e9"}]}]}},"_links":{"self":[{"href":"https:\/\/frumix.ec\/en\/wp-json\/wp\/v2\/pages\/1213"}],"collection":[{"href":"https:\/\/frumix.ec\/en\/wp-json\/wp\/v2\/pages"}],"about":[{"href":"https:\/\/frumix.ec\/en\/wp-json\/wp\/v2\/types\/page"}],"author":[{"embeddable":true,"href":"https:\/\/frumix.ec\/en\/wp-json\/wp\/v2\/users\/5"}],"replies":[{"embeddable":true,"href":"https:\/\/frumix.ec\/en\/wp-json\/wp\/v2\/comments?post=1213"}],"version-history":[{"count":32,"href":"https:\/\/frumix.ec\/en\/wp-json\/wp\/v2\/pages\/1213\/revisions"}],"predecessor-version":[{"id":1808,"href":"https:\/\/frumix.ec\/en\/wp-json\/wp\/v2\/pages\/1213\/revisions\/1808"}],"wp:attachment":[{"href":"https:\/\/frumix.ec\/en\/wp-json\/wp\/v2\/media?parent=1213"}],"curies":[{"name":"wp","href":"https:\/\/api.w.org\/{rel}","templated":true}]}}