{"id":1282,"date":"2019-09-20T22:15:13","date_gmt":"2019-09-20T22:15:13","guid":{"rendered":"https:\/\/localhost\/frumixold\/?page_id=1282"},"modified":"2021-11-11T18:59:53","modified_gmt":"2021-11-11T18:59:53","slug":"fab-lab","status":"publish","type":"page","link":"https:\/\/frumix.ec\/en\/fab-lab\/","title":{"rendered":"FAB LAB"},"content":{"rendered":"<div data-elementor-type=\"wp-page\" data-elementor-id=\"1282\" class=\"elementor elementor-1282\" data-elementor-settings=\"[]\">\n\t\t\t\t\t\t<div class=\"elementor-inner\">\n\t\t\t\t\t\t\t<div class=\"elementor-section-wrap\">\n\t\t\t\t\t\t\t<section class=\"elementor-section elementor-top-section elementor-element elementor-element-66ec883 elementor-section-full_width elementor-section-height-min-height elementor-section-height-default elementor-section-items-middle\" data-id=\"66ec883\" data-element_type=\"section\" data-settings=\"{&quot;background_background&quot;:&quot;classic&quot;}\">\n\t\t\t\t\t\t\t<div class=\"elementor-background-overlay\"><\/div>\n\t\t\t\t\t\t\t<div class=\"elementor-container elementor-column-gap-no\">\n\t\t\t\t\t\t\t<div class=\"elementor-row\">\n\t\t\t\t\t<div class=\"elementor-column elementor-col-100 elementor-top-column elementor-element elementor-element-052ea3a\" data-id=\"052ea3a\" data-element_type=\"column\">\n\t\t\t<div class=\"elementor-column-wrap elementor-element-populated\">\n\t\t\t\t\t\t\t<div class=\"elementor-widget-wrap\">\n\t\t\t\t\t\t<div class=\"elementor-element elementor-element-afa8946 elementor-invisible elementor-widget elementor-widget-heading\" data-id=\"afa8946\" data-element_type=\"widget\" data-settings=\"{&quot;_animation&quot;:&quot;bounceIn&quot;}\" data-widget_type=\"heading.default\">\n\t\t\t\t<div class=\"elementor-widget-container\">\n\t\t\t<h2 class=\"elementor-heading-title elementor-size-default\">FAB LAB<\/h2>\t\t<\/div>\n\t\t\t\t<\/div>\n\t\t\t\t\t\t<\/div>\n\t\t\t\t\t<\/div>\n\t\t<\/div>\n\t\t\t\t\t\t\t\t<\/div>\n\t\t\t\t\t<\/div>\n\t\t<\/section>\n\t\t\t\t<section class=\"elementor-section elementor-top-section elementor-element elementor-element-d289998 elementor-section-boxed elementor-section-height-default elementor-section-height-default\" data-id=\"d289998\" data-element_type=\"section\" data-settings=\"{&quot;background_background&quot;:&quot;classic&quot;}\">\n\t\t\t\t\t\t<div class=\"elementor-container elementor-column-gap-default\">\n\t\t\t\t\t\t\t<div class=\"elementor-row\">\n\t\t\t\t\t<div class=\"elementor-column elementor-col-100 elementor-top-column elementor-element elementor-element-2317b73\" data-id=\"2317b73\" data-element_type=\"column\" data-settings=\"{&quot;background_background&quot;:&quot;classic&quot;}\">\n\t\t\t<div class=\"elementor-column-wrap elementor-element-populated\">\n\t\t\t\t\t<div class=\"elementor-background-overlay\"><\/div>\n\t\t\t\t\t\t\t<div class=\"elementor-widget-wrap\">\n\t\t\t\t\t\t<div class=\"elementor-element elementor-element-4ad468a elementor-cta--layout-image-left elementor-cta--mobile-layout-image-above elementor-cta--skin-classic elementor-animated-content elementor-bg-transform elementor-bg-transform-zoom-in elementor-widget elementor-widget-call-to-action\" data-id=\"4ad468a\" data-element_type=\"widget\" data-widget_type=\"call-to-action.default\">\n\t\t\t\t<div class=\"elementor-widget-container\">\n\t\t\t\t\t<div  class=\"elementor-cta\">\n\t\t\t\t\t<div class=\"elementor-cta__bg-wrapper\">\n\t\t\t\t<div class=\"elementor-cta__bg elementor-bg\" style=\"background-image: url(https:\/\/frumix.ec\/wp-content\/uploads\/2019\/09\/frutas-deshidratadas-quito-003.jpg);\"><\/div>\n\t\t\t\t<div class=\"elementor-cta__bg-overlay\"><\/div>\n\t\t\t<\/div>\n\t\t\t\t\t\t\t<div class=\"elementor-cta__content\">\n\t\t\t\t\n\t\t\t\t\t\t\t\t\t<h2 class=\"elementor-cta__title elementor-cta__content-item elementor-content-item\">\n\t\t\t\t\t\tFAB LAB\t\t\t\t\t<\/h2>\n\t\t\t\t\n\t\t\t\t\t\t\t\t\t<div class=\"elementor-cta__description elementor-cta__content-item elementor-content-item\">\n\t\t\t\t\t\tOur FAB LAB (FABRICATION LABORATORY) was implemented thanks to the experience and quantity of by-products that are developed in the plant.\t\t\t\t\t<\/div>\n\t\t\t\t\n\t\t\t\t\t\t\t<\/div>\n\t\t\t\t\t\t<\/div>\n\t\t\t\t<\/div>\n\t\t\t\t<\/div>\n\t\t\t\t<div class=\"elementor-element elementor-element-280e043 elementor-cta--layout-image-right elementor-cta--tablet-layout-image-right elementor-cta--mobile-layout-image-above elementor-cta--skin-classic elementor-animated-content elementor-bg-transform elementor-bg-transform-zoom-in elementor-widget elementor-widget-call-to-action\" data-id=\"280e043\" data-element_type=\"widget\" data-widget_type=\"call-to-action.default\">\n\t\t\t\t<div class=\"elementor-widget-container\">\n\t\t\t\t\t<div  class=\"elementor-cta\">\n\t\t\t\t\t<div class=\"elementor-cta__bg-wrapper\">\n\t\t\t\t<div class=\"elementor-cta__bg elementor-bg\" style=\"background-image: url(https:\/\/frumix.ec\/wp-content\/uploads\/2019\/09\/frutas-deshidratadas-quito-002.jpg);\"><\/div>\n\t\t\t\t<div class=\"elementor-cta__bg-overlay\"><\/div>\n\t\t\t<\/div>\n\t\t\t\t\t\t\t<div class=\"elementor-cta__content\">\n\t\t\t\t\n\t\t\t\t\t\t\t\t\t<h2 class=\"elementor-cta__title elementor-cta__content-item elementor-content-item\">\n\t\t\t\t\t\tFRUMIX\t\t\t\t\t<\/h2>\n\t\t\t\t\n\t\t\t\t\t\t\t\t\t<div class=\"elementor-cta__description elementor-cta__content-item elementor-content-item\">\n\t\t\t\t\t\tA trial and error area has been implemented for the creation of products related to dehydration that will support entrepreneurs who wish to enter the market with their innovations in addition to the packaging and maquila service.\t\t\t\t\t<\/div>\n\t\t\t\t\n\t\t\t\t\t\t\t<\/div>\n\t\t\t\t\t\t<\/div>\n\t\t\t\t<\/div>\n\t\t\t\t<\/div>\n\t\t\t\t\t\t<\/div>\n\t\t\t\t\t<\/div>\n\t\t<\/div>\n\t\t\t\t\t\t\t\t<\/div>\n\t\t\t\t\t<\/div>\n\t\t<\/section>\n\t\t\t\t<footer class=\"elementor-section elementor-top-section elementor-element elementor-element-6c20278 elementor-section-full_width elementor-section-content-middle elementor-section-height-default elementor-section-height-default\" data-id=\"6c20278\" data-element_type=\"section\">\n\t\t\t\t\t\t<div class=\"elementor-container elementor-column-gap-no\">\n\t\t\t\t\t\t\t<div class=\"elementor-row\">\n\t\t\t\t\t<div class=\"elementor-column elementor-col-100 elementor-top-column elementor-element elementor-element-76292cd\" data-id=\"76292cd\" data-element_type=\"column\">\n\t\t\t<div class=\"elementor-column-wrap elementor-element-populated\">\n\t\t\t\t\t\t\t<div class=\"elementor-widget-wrap\">\n\t\t\t\t\t\t<div class=\"elementor-element elementor-element-26a4327 elementor-widget elementor-widget-shortcode\" data-id=\"26a4327\" data-element_type=\"widget\" data-widget_type=\"shortcode.default\">\n\t\t\t\t<div class=\"elementor-widget-container\">\n\t\t\t\t\t<div class=\"elementor-shortcode\">\t\t<div data-elementor-type=\"footer\" data-elementor-id=\"724\" class=\"elementor elementor-724\" data-elementor-settings=\"[]\">\n\t\t<div class=\"elementor-section-wrap\">\n\t\t\t\t\t<section class=\"elementor-section elementor-top-section elementor-element elementor-element-1db11c43 elementor-section-boxed elementor-section-height-default elementor-section-height-default\" data-id=\"1db11c43\" data-element_type=\"section\" data-settings=\"{&quot;background_background&quot;:&quot;classic&quot;}\">\n\t\t\t\t\t\t\t<div class=\"elementor-background-overlay\"><\/div>\n\t\t\t\t\t\t\t<div class=\"elementor-container elementor-column-gap-default\">\n\t\t\t\t\t\t\t<div class=\"elementor-row\">\n\t\t\t\t\t<div class=\"elementor-column elementor-col-100 elementor-top-column elementor-element elementor-element-4a397e21\" data-id=\"4a397e21\" data-element_type=\"column\">\n\t\t\t<div class=\"elementor-column-wrap elementor-element-populated\">\n\t\t\t\t\t\t\t<div class=\"elementor-widget-wrap\">\n\t\t\t\t\t\t<div class=\"elementor-element elementor-element-c760864 elementor-widget elementor-widget-image\" data-id=\"c760864\" data-element_type=\"widget\" data-widget_type=\"image.default\">\n\t\t\t\t<div class=\"elementor-widget-container\">\n\t\t\t\t\t\t\t\t<div class=\"elementor-image\">\n\t\t\t\t\t\t\t\t\t\t\t\t\t<a href=\"https:\/\/frumix.ec\/en\">\n\t\t\t\t\t\t\t<img decoding=\"async\" width=\"768\" height=\"332\" src=\"https:\/\/frumix.ec\/wp-content\/uploads\/2021\/11\/frutas-deshidratadas-frumix-003-2-768x332.png\" class=\"elementor-animation-grow attachment-medium_large size-medium_large\" alt=\"logo Frumix\" loading=\"lazy\" srcset=\"https:\/\/frumix.ec\/wp-content\/uploads\/2021\/11\/frutas-deshidratadas-frumix-003-2-768x332.png 768w, https:\/\/frumix.ec\/wp-content\/uploads\/2021\/11\/frutas-deshidratadas-frumix-003-2-300x130.png 300w, https:\/\/frumix.ec\/wp-content\/uploads\/2021\/11\/frutas-deshidratadas-frumix-003-2-18x8.png 18w, https:\/\/frumix.ec\/wp-content\/uploads\/2021\/11\/frutas-deshidratadas-frumix-003-2.png 964w\" sizes=\"(max-width: 768px) 100vw, 768px\" \/>\t\t\t\t\t\t\t\t<\/a>\n\t\t\t\t\t\t\t\t\t\t\t\t\t\t<\/div>\n\t\t\t\t\t\t<\/div>\n\t\t\t\t<\/div>\n\t\t\t\t<div class=\"elementor-element elementor-element-7bb30bb elementor-widget elementor-widget-text-editor\" data-id=\"7bb30bb\" data-element_type=\"widget\" data-widget_type=\"text-editor.default\">\n\t\t\t\t<div class=\"elementor-widget-container\">\n\t\t\t\t\t\t\t\t<div class=\"elementor-text-editor elementor-clearfix\">\n\t\t\t\t<p><span style=\"font-weight: 400;\">Quality natural products, handcrafted under strict sanitary standards, preserving their nutritional values, to complement a healthy diet.<\/span><\/p>\t\t\t\t\t<\/div>\n\t\t\t\t\t\t<\/div>\n\t\t\t\t<\/div>\n\t\t\t\t<div class=\"elementor-element elementor-element-7d249ebb elementor-icon-list--layout-inline elementor-align-center elementor-list-item-link-full_width elementor-widget elementor-widget-icon-list\" data-id=\"7d249ebb\" data-element_type=\"widget\" data-widget_type=\"icon-list.default\">\n\t\t\t\t<div class=\"elementor-widget-container\">\n\t\t\t\t\t<ul class=\"elementor-icon-list-items elementor-inline-items\">\n\t\t\t\t\t\t\t<li class=\"elementor-icon-list-item elementor-inline-item\">\n\t\t\t\t\t\t\t\t\t\t\t<span class=\"elementor-icon-list-icon\">\n\t\t\t\t\t\t\t<i aria-hidden=\"true\" class=\"fas fa-map-marker-alt\"><\/i>\t\t\t\t\t\t<\/span>\n\t\t\t\t\t\t\t\t\t\t<span class=\"elementor-icon-list-text\">Sangolqui, Pichincha<\/span>\n\t\t\t\t\t\t\t\t\t<\/li>\n\t\t\t\t\t\t\t\t<li class=\"elementor-icon-list-item elementor-inline-item\">\n\t\t\t\t\t\t\t\t\t\t\t<span class=\"elementor-icon-list-icon\">\n\t\t\t\t\t\t\t<i aria-hidden=\"true\" class=\"fas fa-map-pin\"><\/i>\t\t\t\t\t\t<\/span>\n\t\t\t\t\t\t\t\t\t\t<span class=\"elementor-icon-list-text\">Ecuador 171103<\/span>\n\t\t\t\t\t\t\t\t\t<\/li>\n\t\t\t\t\t\t\t\t<li class=\"elementor-icon-list-item elementor-inline-item\">\n\t\t\t\t\t\t\t\t\t\t\t<span class=\"elementor-icon-list-icon\">\n\t\t\t\t\t\t\t<i aria-hidden=\"true\" class=\"fas fa-phone-alt\"><\/i>\t\t\t\t\t\t<\/span>\n\t\t\t\t\t\t\t\t\t\t<span class=\"elementor-icon-list-text\">+593 99 515 1651<\/span>\n\t\t\t\t\t\t\t\t\t<\/li>\n\t\t\t\t\t\t\t\t<li class=\"elementor-icon-list-item elementor-inline-item\">\n\t\t\t\t\t\t\t\t\t\t\t<span class=\"elementor-icon-list-icon\">\n\t\t\t\t\t\t\t<i aria-hidden=\"true\" class=\"fas fa-envelope\"><\/i>\t\t\t\t\t\t<\/span>\n\t\t\t\t\t\t\t\t\t\t<span class=\"elementor-icon-list-text\">info@frumix.ec<\/span>\n\t\t\t\t\t\t\t\t\t<\/li>\n\t\t\t\t\t\t\t\t<li class=\"elementor-icon-list-item elementor-inline-item\">\n\t\t\t\t\t\t\t\t\t\t\t<span class=\"elementor-icon-list-icon\">\n\t\t\t\t\t\t\t<i aria-hidden=\"true\" class=\"fas fa-clock\"><\/i>\t\t\t\t\t\t<\/span>\n\t\t\t\t\t\t\t\t\t\t<span class=\"elementor-icon-list-text\">M - F 9am - 5pm<\/span>\n\t\t\t\t\t\t\t\t\t<\/li>\n\t\t\t\t\t\t\t\t<li class=\"elementor-icon-list-item elementor-inline-item\">\n\t\t\t\t\t\t\t\t\t\t\t<a href=\"https:\/\/www.facebook.com\/frumixec\/\" target=\"_blank\">\n\n\t\t\t\t\t\t\t\t\t\t\t\t<span class=\"elementor-icon-list-icon\">\n\t\t\t\t\t\t\t<i aria-hidden=\"true\" class=\"fab fa-facebook\"><\/i>\t\t\t\t\t\t<\/span>\n\t\t\t\t\t\t\t\t\t\t<span class=\"elementor-icon-list-text\">frumixec<\/span>\n\t\t\t\t\t\t\t\t\t\t\t<\/a>\n\t\t\t\t\t\t\t\t\t<\/li>\n\t\t\t\t\t\t\t\t<li class=\"elementor-icon-list-item elementor-inline-item\">\n\t\t\t\t\t\t\t\t\t\t\t<a href=\"https:\/\/www.instagram.com\/frumixec\/\" target=\"_blank\">\n\n\t\t\t\t\t\t\t\t\t\t\t\t<span class=\"elementor-icon-list-icon\">\n\t\t\t\t\t\t\t<i aria-hidden=\"true\" class=\"fab fa-instagram\"><\/i>\t\t\t\t\t\t<\/span>\n\t\t\t\t\t\t\t\t\t\t<span class=\"elementor-icon-list-text\">frumixec<\/span>\n\t\t\t\t\t\t\t\t\t\t\t<\/a>\n\t\t\t\t\t\t\t\t\t<\/li>\n\t\t\t\t\t\t<\/ul>\n\t\t\t\t<\/div>\n\t\t\t\t<\/div>\n\t\t\t\t\t\t<\/div>\n\t\t\t\t\t<\/div>\n\t\t<\/div>\n\t\t\t\t\t\t\t\t<\/div>\n\t\t\t\t\t<\/div>\n\t\t<\/section>\n\t\t\t\t<section class=\"elementor-section elementor-top-section elementor-element elementor-element-762b437 elementor-section-boxed elementor-section-height-default elementor-section-height-default\" data-id=\"762b437\" data-element_type=\"section\" data-settings=\"{&quot;background_background&quot;:&quot;classic&quot;}\">\n\t\t\t\t\t\t<div class=\"elementor-container elementor-column-gap-default\">\n\t\t\t\t\t\t\t<div class=\"elementor-row\">\n\t\t\t\t\t<div class=\"elementor-column elementor-col-100 elementor-top-column elementor-element elementor-element-2bf995b\" data-id=\"2bf995b\" data-element_type=\"column\">\n\t\t\t<div class=\"elementor-column-wrap elementor-element-populated\">\n\t\t\t\t\t\t\t<div class=\"elementor-widget-wrap\">\n\t\t\t\t\t\t<div class=\"elementor-element elementor-element-294b566 elementor-widget elementor-widget-copyright\" data-id=\"294b566\" data-element_type=\"widget\" data-settings=\"{&quot;align&quot;:&quot;center&quot;}\" data-widget_type=\"copyright.default\">\n\t\t\t\t<div class=\"elementor-widget-container\">\n\t\t\t\t\t<div class=\"hfe-copyright-wrapper\">\n\t\t\t\t\t\t\t<span>Copyright \u00a9 2026 Frumix.ec - Todos los derechos reservados. <\/span>\n\t\t\t\t\t<\/div>\n\t\t\t\t<\/div>\n\t\t\t\t<\/div>\n\t\t\t\t\t\t<\/div>\n\t\t\t\t\t<\/div>\n\t\t<\/div>\n\t\t\t\t\t\t\t\t<\/div>\n\t\t\t\t\t<\/div>\n\t\t<\/section>\n\t\t\t\t<\/div>\n\t\t<\/div>\n\t\t<\/div>\n\t\t\t\t<\/div>\n\t\t\t\t<\/div>\n\t\t\t\t\t\t<\/div>\n\t\t\t\t\t<\/div>\n\t\t<\/div>\n\t\t\t\t\t\t\t\t<\/div>\n\t\t\t\t\t<\/div>\n\t\t<\/footer>\n\t\t\t\t\t\t<\/div>\n\t\t\t\t\t\t<\/div>\n\t\t\t\t\t<\/div>","protected":false},"excerpt":{"rendered":"<p>FAB LAB FAB LAB Nuestro FAB LAB (FABRICATION LABORATORY) fue implementado gracias a la experiencia y cantidad de sub productos que se desarrollan en la planta. FRUMIX Se ha implementado un \u00e1rea de prueba y error para la creaci\u00f3n de productos relacionados con la deshidrataci\u00f3n que apoyara a emprendedores que deseen entrar al mercado con [&hellip;]<\/p>","protected":false},"author":5,"featured_media":0,"parent":0,"menu_order":0,"comment_status":"closed","ping_status":"closed","template":"","meta":[],"yoast_head":"<!-- This site is optimized with the Yoast SEO plugin v17.8 - https:\/\/yoast.com\/wordpress\/plugins\/seo\/ -->\n<title>Frumix - FAB LAB<\/title>\n<meta name=\"description\" content=\"Se ha implementado un \u00e1rea de prueba y error para la creaci\u00f3n de productos relacionados con la deshidrataci\u00f3n que apoyara a emprendedores\" \/>\n<meta name=\"robots\" content=\"index, follow, max-snippet:-1, max-image-preview:large, max-video-preview:-1\" \/>\n<link rel=\"canonical\" href=\"https:\/\/frumix.ec\/en\/fab-lab\/\" \/>\n<meta property=\"og:locale\" content=\"en_US\" \/>\n<meta property=\"og:type\" content=\"article\" \/>\n<meta property=\"og:title\" content=\"Frumix - FAB LAB\" \/>\n<meta property=\"og:description\" content=\"Se ha implementado un \u00e1rea de prueba y error para la creaci\u00f3n de productos relacionados con la deshidrataci\u00f3n que apoyara a emprendedores\" \/>\n<meta property=\"og:url\" content=\"https:\/\/frumix.ec\/en\/fab-lab\/\" \/>\n<meta property=\"og:site_name\" content=\"Frumix\" \/>\n<meta property=\"article:modified_time\" content=\"2021-11-11T18:59:53+00:00\" \/>\n<meta name=\"twitter:card\" content=\"summary_large_image\" \/>\n<meta name=\"twitter:label1\" content=\"Est. reading time\" \/>\n\t<meta name=\"twitter:data1\" content=\"2 minutes\" \/>\n<script type=\"application\/ld+json\" class=\"yoast-schema-graph\">{\"@context\":\"https:\/\/schema.org\",\"@graph\":[{\"@type\":\"Organization\",\"@id\":\"https:\/\/frumix.ec\/#organization\",\"name\":\"Frumix\",\"url\":\"https:\/\/frumix.ec\/\",\"sameAs\":[],\"logo\":{\"@type\":\"ImageObject\",\"@id\":\"https:\/\/frumix.ec\/#logo\",\"inLanguage\":\"en-US\",\"url\":\"https:\/\/i2.wp.com\/frumix.ec\/wp-content\/uploads\/2021\/11\/frutas-deshidratadas-frumix-003-1-e1636477092812.png?fit=164%2C71&ssl=1\",\"contentUrl\":\"https:\/\/i2.wp.com\/frumix.ec\/wp-content\/uploads\/2021\/11\/frutas-deshidratadas-frumix-003-1-e1636477092812.png?fit=164%2C71&ssl=1\",\"width\":164,\"height\":71,\"caption\":\"Frumix\"},\"image\":{\"@id\":\"https:\/\/frumix.ec\/#logo\"}},{\"@type\":\"WebSite\",\"@id\":\"https:\/\/frumix.ec\/#website\",\"url\":\"https:\/\/frumix.ec\/\",\"name\":\"Frumix\",\"description\":\"Deshidratados y Maquilado\",\"publisher\":{\"@id\":\"https:\/\/frumix.ec\/#organization\"},\"potentialAction\":[{\"@type\":\"SearchAction\",\"target\":{\"@type\":\"EntryPoint\",\"urlTemplate\":\"https:\/\/frumix.ec\/?s={search_term_string}\"},\"query-input\":\"required name=search_term_string\"}],\"inLanguage\":\"en-US\"},{\"@type\":\"WebPage\",\"@id\":\"https:\/\/frumix.ec\/fab-lab\/#webpage\",\"url\":\"https:\/\/frumix.ec\/fab-lab\/\",\"name\":\"Frumix - FAB LAB\",\"isPartOf\":{\"@id\":\"https:\/\/frumix.ec\/#website\"},\"datePublished\":\"2019-09-20T22:15:13+00:00\",\"dateModified\":\"2021-11-11T18:59:53+00:00\",\"description\":\"Se ha implementado un \\u00e1rea de prueba y error para la creaci\\u00f3n de productos relacionados con la deshidrataci\\u00f3n que apoyara a emprendedores\",\"breadcrumb\":{\"@id\":\"https:\/\/frumix.ec\/fab-lab\/#breadcrumb\"},\"inLanguage\":\"en-US\",\"potentialAction\":[{\"@type\":\"ReadAction\",\"target\":[\"https:\/\/frumix.ec\/fab-lab\/\"]}]},{\"@type\":\"BreadcrumbList\",\"@id\":\"https:\/\/frumix.ec\/fab-lab\/#breadcrumb\",\"itemListElement\":[{\"@type\":\"ListItem\",\"position\":1,\"name\":\"Inicio\",\"item\":\"https:\/\/frumix.ec\/\"},{\"@type\":\"ListItem\",\"position\":2,\"name\":\"FAB LAB\"}]}]}<\/script>\n<!-- \/ Yoast SEO plugin. -->","yoast_head_json":{"title":"Frumix - FAB LAB","description":"Se ha implementado un \u00e1rea de prueba y error para la creaci\u00f3n de productos relacionados con la deshidrataci\u00f3n que apoyara a emprendedores","robots":{"index":"index","follow":"follow","max-snippet":"max-snippet:-1","max-image-preview":"max-image-preview:large","max-video-preview":"max-video-preview:-1"},"canonical":"https:\/\/frumix.ec\/en\/fab-lab\/","og_locale":"en_US","og_type":"article","og_title":"Frumix - FAB LAB","og_description":"Se ha implementado un \u00e1rea de prueba y error para la creaci\u00f3n de productos relacionados con la deshidrataci\u00f3n que apoyara a emprendedores","og_url":"https:\/\/frumix.ec\/en\/fab-lab\/","og_site_name":"Frumix","article_modified_time":"2021-11-11T18:59:53+00:00","twitter_card":"summary_large_image","twitter_misc":{"Est. reading time":"2 minutes"},"schema":{"@context":"https:\/\/schema.org","@graph":[{"@type":"Organization","@id":"https:\/\/frumix.ec\/#organization","name":"Frumix","url":"https:\/\/frumix.ec\/","sameAs":[],"logo":{"@type":"ImageObject","@id":"https:\/\/frumix.ec\/#logo","inLanguage":"en-US","url":"https:\/\/i2.wp.com\/frumix.ec\/wp-content\/uploads\/2021\/11\/frutas-deshidratadas-frumix-003-1-e1636477092812.png?fit=164%2C71&ssl=1","contentUrl":"https:\/\/i2.wp.com\/frumix.ec\/wp-content\/uploads\/2021\/11\/frutas-deshidratadas-frumix-003-1-e1636477092812.png?fit=164%2C71&ssl=1","width":164,"height":71,"caption":"Frumix"},"image":{"@id":"https:\/\/frumix.ec\/#logo"}},{"@type":"WebSite","@id":"https:\/\/frumix.ec\/#website","url":"https:\/\/frumix.ec\/","name":"Frumix","description":"Deshidratados y Maquilado","publisher":{"@id":"https:\/\/frumix.ec\/#organization"},"potentialAction":[{"@type":"SearchAction","target":{"@type":"EntryPoint","urlTemplate":"https:\/\/frumix.ec\/?s={search_term_string}"},"query-input":"required name=search_term_string"}],"inLanguage":"en-US"},{"@type":"WebPage","@id":"https:\/\/frumix.ec\/fab-lab\/#webpage","url":"https:\/\/frumix.ec\/fab-lab\/","name":"Frumix - FAB LAB","isPartOf":{"@id":"https:\/\/frumix.ec\/#website"},"datePublished":"2019-09-20T22:15:13+00:00","dateModified":"2021-11-11T18:59:53+00:00","description":"Se ha implementado un \u00e1rea de prueba y error para la creaci\u00f3n de productos relacionados con la deshidrataci\u00f3n que apoyara a emprendedores","breadcrumb":{"@id":"https:\/\/frumix.ec\/fab-lab\/#breadcrumb"},"inLanguage":"en-US","potentialAction":[{"@type":"ReadAction","target":["https:\/\/frumix.ec\/fab-lab\/"]}]},{"@type":"BreadcrumbList","@id":"https:\/\/frumix.ec\/fab-lab\/#breadcrumb","itemListElement":[{"@type":"ListItem","position":1,"name":"Inicio","item":"https:\/\/frumix.ec\/"},{"@type":"ListItem","position":2,"name":"FAB LAB"}]}]}},"_links":{"self":[{"href":"https:\/\/frumix.ec\/en\/wp-json\/wp\/v2\/pages\/1282"}],"collection":[{"href":"https:\/\/frumix.ec\/en\/wp-json\/wp\/v2\/pages"}],"about":[{"href":"https:\/\/frumix.ec\/en\/wp-json\/wp\/v2\/types\/page"}],"author":[{"embeddable":true,"href":"https:\/\/frumix.ec\/en\/wp-json\/wp\/v2\/users\/5"}],"replies":[{"embeddable":true,"href":"https:\/\/frumix.ec\/en\/wp-json\/wp\/v2\/comments?post=1282"}],"version-history":[{"count":35,"href":"https:\/\/frumix.ec\/en\/wp-json\/wp\/v2\/pages\/1282\/revisions"}],"predecessor-version":[{"id":1854,"href":"https:\/\/frumix.ec\/en\/wp-json\/wp\/v2\/pages\/1282\/revisions\/1854"}],"wp:attachment":[{"href":"https:\/\/frumix.ec\/en\/wp-json\/wp\/v2\/media?parent=1282"}],"curies":[{"name":"wp","href":"https:\/\/api.w.org\/{rel}","templated":true}]}}